{"id":38,"date":"2018-10-05T11:24:09","date_gmt":"2018-10-05T09:24:09","guid":{"rendered":"http:\/\/www.dpsglampertheim.de\/wordpress\/?page_id=38"},"modified":"2024-09-02T15:32:57","modified_gmt":"2024-09-02T13:32:57","slug":"der-stamm","status":"publish","type":"page","link":"https:\/\/www.dpsglampertheim.de\/wordpress\/der-stamm\/","title":{"rendered":"Der Stamm"},"content":{"rendered":"\n<p>Schon seit 1949 ist unser DPSG-Stamm Guy de Larigaudie Lampertheim in der s\u00fcdhessischen Stadt aktiv. Wir sind rund 100 Pfadfinderinnen und Pfadfinder, verteilt auf\u00a0<a href=\"https:\/\/www.dpsglampertheim.de\/wordpress\/gruppen\/\">unsere vier Altersstufen<\/a>\u00a0W\u00f6lflinge, Jungpfadfinder, Pfadfinder und Rover sowie das Team der Gruppenleiter und Mitarbeiter.<\/p>\n\n\n\n<p><strong>Unser Bundesverband beschreibt&nbsp;<\/strong>sehr gut,&nbsp;<a href=\"http:\/\/dpsg.de\/de\/ueber-uns\/wer-wir-sind.html\" target=\"_blank\" rel=\"noreferrer noopener\">was wir als Pfadfinder so machen<\/a>, wie&nbsp;<a href=\"http:\/\/dpsg.de\/de\/ueber-uns\/geschichte-der-dpsg.html\" target=\"_blank\" rel=\"noreferrer noopener\">unsere Geschichte<\/a>&nbsp;aussieht, warum&nbsp;<a href=\"http:\/\/dpsg.de\/de\/themen\/international\/einfuehrung.html\" target=\"_blank\" rel=\"noreferrer noopener\">Internationalit\u00e4t<\/a>&nbsp;f\u00fcr Pfadfinder wichtig ist und was&nbsp;<a href=\"http:\/\/dpsg.de\/de\/ueber-uns\/wie-wir-arbeiten.html\" target=\"_blank\" rel=\"noreferrer noopener\">unsere P\u00e4dagogik<\/a>&nbsp;sonst noch zu bieten hat.<\/p>\n\n\n\n<p>Wie das&nbsp;<strong>bei uns in Lampertheim konkret<\/strong>&nbsp;aussieht, lassen wir besser unsere Projekte, Aktionen und Lager selbst erz\u00e4hlen\u2026 Klickt etwas herum, es gibt viel zu sehen! Viel Spass dabei!\n\n<ul class=\"display-posts-listing\"><li class=\"listing-item\"><a class=\"title\" href=\"https:\/\/www.dpsglampertheim.de\/wordpress\/2020\/06\/12\/fronleichnam-2020\/\">Fronleichnam 2020<\/a><\/li><li class=\"listing-item\"><a class=\"title\" href=\"https:\/\/www.dpsglampertheim.de\/wordpress\/2019\/10\/30\/adventskranzbestellungen\/\">Adventskranzbestellungen<\/a><\/li><li class=\"listing-item\"><a class=\"title\" href=\"https:\/\/www.dpsglampertheim.de\/wordpress\/2019\/10\/21\/adventskranz-und-nikolausaktion-2\/\">Adventskranz- und Nikolausaktion<\/a><\/li><li class=\"listing-item\"><a class=\"title\" href=\"https:\/\/www.dpsglampertheim.de\/wordpress\/2019\/08\/18\/stammesfest-und-jubilaeum\/\">Stammesfest und -jubil\u00e4um<\/a><\/li><li class=\"listing-item\"><a class=\"title\" href=\"https:\/\/www.dpsglampertheim.de\/wordpress\/2019\/03\/09\/saubere-gemarkung\/\">Saubere Gemarkung<\/a><\/li><li class=\"listing-item\"><a class=\"title\" href=\"https:\/\/www.dpsglampertheim.de\/wordpress\/2018\/10\/31\/adventskranzbestellungen-2\/\">Adventskranzbestellungen<\/a><\/li><li class=\"listing-item\"><a class=\"title\" href=\"https:\/\/www.dpsglampertheim.de\/wordpress\/2018\/10\/27\/adventskranz-und-nikolausaktion\/\">Adventskranz- und Nikolausaktion<\/a><\/li><li class=\"listing-item\"><a class=\"title\" href=\"https:\/\/www.dpsglampertheim.de\/wordpress\/2018\/10\/01\/hallo-welt\/\">Homepage down<\/a><\/li><\/ul>\n","protected":false},"excerpt":{"rendered":"<p>Schon seit 1949 ist unser DPSG-Stamm Guy de Larigaudie Lampertheim in der s\u00fcdhessischen Stadt aktiv. Wir sind rund 100 Pfadfinderinnen und Pfadfinder, verteilt auf\u00a0unsere vier Altersstufen\u00a0W\u00f6lflinge, Jungpfadfinder, Pfadfinder und Rover sowie das Team der Gruppenleiter und Mitarbeiter. Unser Bundesverband beschreibt&nbsp;sehr gut,&nbsp;was wir als Pfadfinder so machen, wie&nbsp;unsere Geschichte&nbsp;aussieht, warum&nbsp;Internationalit\u00e4t&nbsp;f\u00fcr Pfadfinder wichtig ist und was&nbsp;unsere P\u00e4dagogik&nbsp;sonst&#8230;<\/p>\n","protected":false},"author":1,"featured_media":0,"parent":0,"menu_order":0,"comment_status":"closed","ping_status":"closed","template":"","meta":{"ngg_post_thumbnail":0,"footnotes":""},"class_list":["post-38","page","type-page","status-publish","hentry"],"_links":{"self":[{"href":"https:\/\/www.dpsglampertheim.de\/wordpress\/wp-json\/wp\/v2\/pages\/38","targetHints":{"allow":["GET"]}}],"collection":[{"href":"https:\/\/www.dpsglampertheim.de\/wordpress\/wp-json\/wp\/v2\/pages"}],"about":[{"href":"https:\/\/www.dpsglampertheim.de\/wordpress\/wp-json\/wp\/v2\/types\/page"}],"author":[{"embeddable":true,"href":"https:\/\/www.dpsglampertheim.de\/wordpress\/wp-json\/wp\/v2\/users\/1"}],"replies":[{"embeddable":true,"href":"https:\/\/www.dpsglampertheim.de\/wordpress\/wp-json\/wp\/v2\/comments?post=38"}],"version-history":[{"count":7,"href":"https:\/\/www.dpsglampertheim.de\/wordpress\/wp-json\/wp\/v2\/pages\/38\/revisions"}],"predecessor-version":[{"id":1827,"href":"https:\/\/www.dpsglampertheim.de\/wordpress\/wp-json\/wp\/v2\/pages\/38\/revisions\/1827"}],"wp:attachment":[{"href":"https:\/\/www.dpsglampertheim.de\/wordpress\/wp-json\/wp\/v2\/media?parent=38"}],"curies":[{"name":"wp","href":"https:\/\/api.w.org\/{rel}","templated":true}]}}