{"id":48,"date":"2018-10-05T11:26:01","date_gmt":"2018-10-05T09:26:01","guid":{"rendered":"http:\/\/www.dpsglampertheim.de\/wordpress\/?page_id=48"},"modified":"2018-10-06T19:53:28","modified_gmt":"2018-10-06T17:53:28","slug":"projekte-lager","status":"publish","type":"page","link":"https:\/\/www.dpsglampertheim.de\/wordpress\/projekte-lager\/","title":{"rendered":"Projekte &#038; Lager"},"content":{"rendered":"<p>Projekte, Gruppenstunden, Aktionen, Ausfl\u00fcge, Fahrten, Hikes und Lager alles zahlreiche Aktionen unseres Stammes in Lampertheim und dar\u00fcber hinaus. In den einzelnen Seiten gibt es zahlreiche Bilder unserer Aktionen, die das ganze Jahr \u00fcber am Laufen sind.<\/p>\n<p>Viel Spa\u00df!<\/p>\n","protected":false},"excerpt":{"rendered":"<p>Projekte, Gruppenstunden, Aktionen, Ausfl\u00fcge, Fahrten, Hikes und Lager alles zahlreiche Aktionen unseres Stammes in Lampertheim und dar\u00fcber hinaus. In den einzelnen Seiten gibt es zahlreiche Bilder unserer Aktionen, die das ganze Jahr \u00fcber am Laufen sind. Viel Spa\u00df!<\/p>\n","protected":false},"author":1,"featured_media":0,"parent":0,"menu_order":0,"comment_status":"closed","ping_status":"closed","template":"","meta":{"ngg_post_thumbnail":0,"jetpack_post_was_ever_published":false,"footnotes":""},"class_list":["post-48","page","type-page","status-publish","hentry"],"jetpack_sharing_enabled":true,"jetpack_shortlink":"https:\/\/wp.me\/P2SRSq-M","jetpack-related-posts":[],"_links":{"self":[{"href":"https:\/\/www.dpsglampertheim.de\/wordpress\/wp-json\/wp\/v2\/pages\/48","targetHints":{"allow":["GET"]}}],"collection":[{"href":"https:\/\/www.dpsglampertheim.de\/wordpress\/wp-json\/wp\/v2\/pages"}],"about":[{"href":"https:\/\/www.dpsglampertheim.de\/wordpress\/wp-json\/wp\/v2\/types\/page"}],"author":[{"embeddable":true,"href":"https:\/\/www.dpsglampertheim.de\/wordpress\/wp-json\/wp\/v2\/users\/1"}],"replies":[{"embeddable":true,"href":"https:\/\/www.dpsglampertheim.de\/wordpress\/wp-json\/wp\/v2\/comments?post=48"}],"version-history":[{"count":2,"href":"https:\/\/www.dpsglampertheim.de\/wordpress\/wp-json\/wp\/v2\/pages\/48\/revisions"}],"predecessor-version":[{"id":187,"href":"https:\/\/www.dpsglampertheim.de\/wordpress\/wp-json\/wp\/v2\/pages\/48\/revisions\/187"}],"wp:attachment":[{"href":"https:\/\/www.dpsglampertheim.de\/wordpress\/wp-json\/wp\/v2\/media?parent=48"}],"curies":[{"name":"wp","href":"https:\/\/api.w.org\/{rel}","templated":true}]}}