{"id":56,"date":"2018-10-05T11:26:49","date_gmt":"2018-10-05T09:26:49","guid":{"rendered":"http:\/\/www.dpsglampertheim.de\/wordpress\/?page_id=56"},"modified":"2024-03-08T20:38:28","modified_gmt":"2024-03-08T19:38:28","slug":"lambada-kerwe","status":"publish","type":"page","link":"https:\/\/www.dpsglampertheim.de\/wordpress\/projekte-lager\/lambada-kerwe\/","title":{"rendered":"Lambada Kerwe"},"content":{"rendered":"\n<p>Traditionell findet am zweiten Septemberwochenende die Lambada Kerwe statt.<\/p>\n\n\n\n<p>Mit dabei seit einigen Jahren: Die Lampertheimer St.-Georgspfadfinder! Mit eigenem Stand mit allerlei leckeren Getr\u00e4nken, \u00fcber die Original-Quickies bis hin zu Stockbrot und XXL-Spielen wird drei Tage einiges geboten gegen\u00fcber der St.-Andreaskirche.<\/p>\n\n\n\n<figure class=\"wp-block-gallery has-nested-images columns-default is-cropped wp-block-gallery-1 is-layout-flex wp-block-gallery-is-layout-flex\">\n<figure class=\"wp-block-image size-large\"><img loading=\"lazy\" decoding=\"async\" width=\"1024\" height=\"768\" data-id=\"1099\" src=\"https:\/\/www.dpsglampertheim.de\/wordpress\/wp-content\/uploads\/2022\/09\/83dde567-20f2-41c9-ab9c-7aaa1f9d8dd5.jpg\" alt=\"\" class=\"wp-image-1099\" srcset=\"https:\/\/www.dpsglampertheim.de\/wordpress\/wp-content\/uploads\/2022\/09\/83dde567-20f2-41c9-ab9c-7aaa1f9d8dd5.jpg 1024w, https:\/\/www.dpsglampertheim.de\/wordpress\/wp-content\/uploads\/2022\/09\/83dde567-20f2-41c9-ab9c-7aaa1f9d8dd5-300x225.jpg 300w, https:\/\/www.dpsglampertheim.de\/wordpress\/wp-content\/uploads\/2022\/09\/83dde567-20f2-41c9-ab9c-7aaa1f9d8dd5-768x576.jpg 768w, https:\/\/www.dpsglampertheim.de\/wordpress\/wp-content\/uploads\/2022\/09\/83dde567-20f2-41c9-ab9c-7aaa1f9d8dd5-750x563.jpg 750w\" sizes=\"auto, (max-width: 1024px) 100vw, 1024px\" \/><\/figure>\n\n\n\n<figure class=\"wp-block-image size-large\"><img loading=\"lazy\" decoding=\"async\" width=\"1024\" height=\"461\" data-id=\"1102\" src=\"https:\/\/www.dpsglampertheim.de\/wordpress\/wp-content\/uploads\/2022\/09\/20220910_214727.jpg\" alt=\"\" class=\"wp-image-1102\" srcset=\"https:\/\/www.dpsglampertheim.de\/wordpress\/wp-content\/uploads\/2022\/09\/20220910_214727.jpg 1024w, https:\/\/www.dpsglampertheim.de\/wordpress\/wp-content\/uploads\/2022\/09\/20220910_214727-300x135.jpg 300w, https:\/\/www.dpsglampertheim.de\/wordpress\/wp-content\/uploads\/2022\/09\/20220910_214727-768x346.jpg 768w, https:\/\/www.dpsglampertheim.de\/wordpress\/wp-content\/uploads\/2022\/09\/20220910_214727-750x338.jpg 750w\" sizes=\"auto, (max-width: 1024px) 100vw, 1024px\" \/><\/figure>\n\n\n\n<figure class=\"wp-block-image size-large\"><img loading=\"lazy\" decoding=\"async\" width=\"1024\" height=\"461\" data-id=\"1101\" src=\"https:\/\/www.dpsglampertheim.de\/wordpress\/wp-content\/uploads\/2022\/09\/20220911_212511.jpg\" alt=\"\" class=\"wp-image-1101\" srcset=\"https:\/\/www.dpsglampertheim.de\/wordpress\/wp-content\/uploads\/2022\/09\/20220911_212511.jpg 1024w, https:\/\/www.dpsglampertheim.de\/wordpress\/wp-content\/uploads\/2022\/09\/20220911_212511-300x135.jpg 300w, https:\/\/www.dpsglampertheim.de\/wordpress\/wp-content\/uploads\/2022\/09\/20220911_212511-768x346.jpg 768w, https:\/\/www.dpsglampertheim.de\/wordpress\/wp-content\/uploads\/2022\/09\/20220911_212511-750x338.jpg 750w\" sizes=\"auto, (max-width: 1024px) 100vw, 1024px\" \/><\/figure>\n\n\n\n<figure class=\"wp-block-image size-large\"><img loading=\"lazy\" decoding=\"async\" width=\"768\" height=\"1024\" data-id=\"1105\" src=\"https:\/\/www.dpsglampertheim.de\/wordpress\/wp-content\/uploads\/2022\/09\/IMG-20220912-WA0016.jpg\" alt=\"\" class=\"wp-image-1105\" srcset=\"https:\/\/www.dpsglampertheim.de\/wordpress\/wp-content\/uploads\/2022\/09\/IMG-20220912-WA0016.jpg 768w, https:\/\/www.dpsglampertheim.de\/wordpress\/wp-content\/uploads\/2022\/09\/IMG-20220912-WA0016-225x300.jpg 225w, https:\/\/www.dpsglampertheim.de\/wordpress\/wp-content\/uploads\/2022\/09\/IMG-20220912-WA0016-750x1000.jpg 750w\" sizes=\"auto, (max-width: 768px) 100vw, 768px\" \/><\/figure>\n\n\n\n<figure class=\"wp-block-image size-large\"><img loading=\"lazy\" decoding=\"async\" width=\"1024\" height=\"576\" data-id=\"1108\" src=\"https:\/\/www.dpsglampertheim.de\/wordpress\/wp-content\/uploads\/2022\/09\/IMG_1107-1.jpg\" alt=\"\" class=\"wp-image-1108\" srcset=\"https:\/\/www.dpsglampertheim.de\/wordpress\/wp-content\/uploads\/2022\/09\/IMG_1107-1.jpg 1024w, https:\/\/www.dpsglampertheim.de\/wordpress\/wp-content\/uploads\/2022\/09\/IMG_1107-1-300x169.jpg 300w, https:\/\/www.dpsglampertheim.de\/wordpress\/wp-content\/uploads\/2022\/09\/IMG_1107-1-768x432.jpg 768w, https:\/\/www.dpsglampertheim.de\/wordpress\/wp-content\/uploads\/2022\/09\/IMG_1107-1-750x422.jpg 750w\" sizes=\"auto, (max-width: 1024px) 100vw, 1024px\" \/><\/figure>\n\n\n\n<figure class=\"wp-block-image size-large\"><img loading=\"lazy\" decoding=\"async\" width=\"1024\" height=\"461\" data-id=\"1112\" src=\"https:\/\/www.dpsglampertheim.de\/wordpress\/wp-content\/uploads\/2022\/09\/20220912_162131.jpg\" alt=\"\" class=\"wp-image-1112\" srcset=\"https:\/\/www.dpsglampertheim.de\/wordpress\/wp-content\/uploads\/2022\/09\/20220912_162131.jpg 1024w, https:\/\/www.dpsglampertheim.de\/wordpress\/wp-content\/uploads\/2022\/09\/20220912_162131-300x135.jpg 300w, https:\/\/www.dpsglampertheim.de\/wordpress\/wp-content\/uploads\/2022\/09\/20220912_162131-768x346.jpg 768w, https:\/\/www.dpsglampertheim.de\/wordpress\/wp-content\/uploads\/2022\/09\/20220912_162131-750x338.jpg 750w\" sizes=\"auto, (max-width: 1024px) 100vw, 1024px\" \/><\/figure>\n<\/figure>\n","protected":false},"excerpt":{"rendered":"<p>Traditionell findet am zweiten Septemberwochenende die Lambada Kerwe statt. Mit dabei seit einigen Jahren: Die Lampertheimer St.-Georgspfadfinder! Mit eigenem Stand mit allerlei leckeren Getr\u00e4nken, \u00fcber die Original-Quickies bis hin zu Stockbrot und XXL-Spielen wird drei Tage einiges geboten gegen\u00fcber der St.-Andreaskirche.<\/p>\n","protected":false},"author":1,"featured_media":0,"parent":48,"menu_order":0,"comment_status":"closed","ping_status":"closed","template":"","meta":{"ngg_post_thumbnail":0,"footnotes":""},"class_list":["post-56","page","type-page","status-publish","hentry"],"_links":{"self":[{"href":"https:\/\/www.dpsglampertheim.de\/wordpress\/wp-json\/wp\/v2\/pages\/56","targetHints":{"allow":["GET"]}}],"collection":[{"href":"https:\/\/www.dpsglampertheim.de\/wordpress\/wp-json\/wp\/v2\/pages"}],"about":[{"href":"https:\/\/www.dpsglampertheim.de\/wordpress\/wp-json\/wp\/v2\/types\/page"}],"author":[{"embeddable":true,"href":"https:\/\/www.dpsglampertheim.de\/wordpress\/wp-json\/wp\/v2\/users\/1"}],"replies":[{"embeddable":true,"href":"https:\/\/www.dpsglampertheim.de\/wordpress\/wp-json\/wp\/v2\/comments?post=56"}],"version-history":[{"count":5,"href":"https:\/\/www.dpsglampertheim.de\/wordpress\/wp-json\/wp\/v2\/pages\/56\/revisions"}],"predecessor-version":[{"id":1535,"href":"https:\/\/www.dpsglampertheim.de\/wordpress\/wp-json\/wp\/v2\/pages\/56\/revisions\/1535"}],"up":[{"embeddable":true,"href":"https:\/\/www.dpsglampertheim.de\/wordpress\/wp-json\/wp\/v2\/pages\/48"}],"wp:attachment":[{"href":"https:\/\/www.dpsglampertheim.de\/wordpress\/wp-json\/wp\/v2\/media?parent=56"}],"curies":[{"name":"wp","href":"https:\/\/api.w.org\/{rel}","templated":true}]}}