{"id":58,"date":"2018-10-05T11:27:01","date_gmt":"2018-10-05T09:27:01","guid":{"rendered":"http:\/\/www.dpsglampertheim.de\/wordpress\/?page_id=58"},"modified":"2024-03-09T08:37:20","modified_gmt":"2024-03-09T07:37:20","slug":"adventskranzaktion","status":"publish","type":"page","link":"https:\/\/www.dpsglampertheim.de\/wordpress\/projekte-lager\/adventskranzaktion\/","title":{"rendered":"Adventskranzaktion"},"content":{"rendered":"\n<p>Jedes Jahr im November binden wir \u00fcber 150 Adventskr\u00e4nze mit frischem Gr\u00fcn aus dem Odenwald und schm\u00fccken diese anschlie\u00dfend. Verkauft werden diese jeweils freitags und samstags am ersten Adventswochenende vorm Eis Oberfeld.<\/p>\n\n\n\n<figure class=\"wp-block-image size-large\"><img loading=\"lazy\" decoding=\"async\" width=\"1024\" height=\"576\" src=\"https:\/\/www.dpsglampertheim.de\/wordpress\/wp-content\/uploads\/2024\/03\/PXL_20231201_141832700.MP_.jpg\" alt=\"\" class=\"wp-image-1537\" srcset=\"https:\/\/www.dpsglampertheim.de\/wordpress\/wp-content\/uploads\/2024\/03\/PXL_20231201_141832700.MP_.jpg 1024w, https:\/\/www.dpsglampertheim.de\/wordpress\/wp-content\/uploads\/2024\/03\/PXL_20231201_141832700.MP_-300x169.jpg 300w, https:\/\/www.dpsglampertheim.de\/wordpress\/wp-content\/uploads\/2024\/03\/PXL_20231201_141832700.MP_-768x432.jpg 768w, https:\/\/www.dpsglampertheim.de\/wordpress\/wp-content\/uploads\/2024\/03\/PXL_20231201_141832700.MP_-750x422.jpg 750w\" sizes=\"auto, (max-width: 1024px) 100vw, 1024px\" \/><\/figure>\n\n\n\n<figure class=\"wp-block-gallery has-nested-images columns-default is-cropped wp-block-gallery-1 is-layout-flex wp-block-gallery-is-layout-flex\">\n<figure class=\"wp-block-image size-large\"><img loading=\"lazy\" decoding=\"async\" width=\"1024\" height=\"576\" data-id=\"1538\" src=\"https:\/\/www.dpsglampertheim.de\/wordpress\/wp-content\/uploads\/2024\/03\/PXL_20231201_141611734.jpg\" alt=\"\" class=\"wp-image-1538\" srcset=\"https:\/\/www.dpsglampertheim.de\/wordpress\/wp-content\/uploads\/2024\/03\/PXL_20231201_141611734.jpg 1024w, https:\/\/www.dpsglampertheim.de\/wordpress\/wp-content\/uploads\/2024\/03\/PXL_20231201_141611734-300x169.jpg 300w, https:\/\/www.dpsglampertheim.de\/wordpress\/wp-content\/uploads\/2024\/03\/PXL_20231201_141611734-768x432.jpg 768w, https:\/\/www.dpsglampertheim.de\/wordpress\/wp-content\/uploads\/2024\/03\/PXL_20231201_141611734-750x422.jpg 750w\" sizes=\"auto, (max-width: 1024px) 100vw, 1024px\" \/><\/figure>\n\n\n\n<figure class=\"wp-block-image size-large\"><img loading=\"lazy\" decoding=\"async\" width=\"576\" height=\"1024\" data-id=\"1539\" src=\"https:\/\/www.dpsglampertheim.de\/wordpress\/wp-content\/uploads\/2024\/03\/PXL_20231201_141606526.jpg\" alt=\"\" class=\"wp-image-1539\" srcset=\"https:\/\/www.dpsglampertheim.de\/wordpress\/wp-content\/uploads\/2024\/03\/PXL_20231201_141606526.jpg 576w, https:\/\/www.dpsglampertheim.de\/wordpress\/wp-content\/uploads\/2024\/03\/PXL_20231201_141606526-169x300.jpg 169w\" sizes=\"auto, (max-width: 576px) 100vw, 576px\" \/><\/figure>\n\n\n\n<figure class=\"wp-block-image size-large\"><img loading=\"lazy\" decoding=\"async\" width=\"576\" height=\"1024\" data-id=\"1540\" src=\"https:\/\/www.dpsglampertheim.de\/wordpress\/wp-content\/uploads\/2024\/03\/PXL_20231201_141554111.MP_.jpg\" alt=\"\" class=\"wp-image-1540\" srcset=\"https:\/\/www.dpsglampertheim.de\/wordpress\/wp-content\/uploads\/2024\/03\/PXL_20231201_141554111.MP_.jpg 576w, https:\/\/www.dpsglampertheim.de\/wordpress\/wp-content\/uploads\/2024\/03\/PXL_20231201_141554111.MP_-169x300.jpg 169w\" sizes=\"auto, (max-width: 576px) 100vw, 576px\" \/><\/figure>\n<\/figure>\n","protected":false},"excerpt":{"rendered":"<p>Jedes Jahr im November binden wir \u00fcber 150 Adventskr\u00e4nze mit frischem Gr\u00fcn aus dem Odenwald und schm\u00fccken diese anschlie\u00dfend. Verkauft werden diese jeweils freitags und samstags am ersten Adventswochenende vorm Eis Oberfeld.<\/p>\n","protected":false},"author":1,"featured_media":0,"parent":48,"menu_order":0,"comment_status":"closed","ping_status":"closed","template":"","meta":{"ngg_post_thumbnail":0,"footnotes":""},"class_list":["post-58","page","type-page","status-publish","hentry"],"_links":{"self":[{"href":"https:\/\/www.dpsglampertheim.de\/wordpress\/wp-json\/wp\/v2\/pages\/58","targetHints":{"allow":["GET"]}}],"collection":[{"href":"https:\/\/www.dpsglampertheim.de\/wordpress\/wp-json\/wp\/v2\/pages"}],"about":[{"href":"https:\/\/www.dpsglampertheim.de\/wordpress\/wp-json\/wp\/v2\/types\/page"}],"author":[{"embeddable":true,"href":"https:\/\/www.dpsglampertheim.de\/wordpress\/wp-json\/wp\/v2\/users\/1"}],"replies":[{"embeddable":true,"href":"https:\/\/www.dpsglampertheim.de\/wordpress\/wp-json\/wp\/v2\/comments?post=58"}],"version-history":[{"count":3,"href":"https:\/\/www.dpsglampertheim.de\/wordpress\/wp-json\/wp\/v2\/pages\/58\/revisions"}],"predecessor-version":[{"id":1541,"href":"https:\/\/www.dpsglampertheim.de\/wordpress\/wp-json\/wp\/v2\/pages\/58\/revisions\/1541"}],"up":[{"embeddable":true,"href":"https:\/\/www.dpsglampertheim.de\/wordpress\/wp-json\/wp\/v2\/pages\/48"}],"wp:attachment":[{"href":"https:\/\/www.dpsglampertheim.de\/wordpress\/wp-json\/wp\/v2\/media?parent=58"}],"curies":[{"name":"wp","href":"https:\/\/api.w.org\/{rel}","templated":true}]}}