{"id":60,"date":"2018-10-05T11:27:13","date_gmt":"2018-10-05T09:27:13","guid":{"rendered":"http:\/\/www.dpsglampertheim.de\/wordpress\/?page_id=60"},"modified":"2025-11-23T16:15:31","modified_gmt":"2025-11-23T15:15:31","slug":"nikolausaktion","status":"publish","type":"page","link":"https:\/\/www.dpsglampertheim.de\/wordpress\/projekte-lager\/nikolausaktion\/","title":{"rendered":"Nikolausaktion"},"content":{"rendered":"<p>Am 6. Dezember ist Nikolaustag und da kommt der Mann im roten Gewand zu den Kindern. Besonders sch\u00f6n ist es dann, wenn dann der Nikolaus pers\u00f6nlich vorbeikommt. Daf\u00fcr sorgen die Georgs-Pfadfinder seit 1965 \u2013 also seit mehr als 60 Jahren.<\/p>\n<p>Wer sich bei den Pfadfindern meldet, der kann sich am 6. Dezember den Nikolaus&nbsp;nach Hause kommen lassen. Und weil die Pfadfinder nat\u00fcrlich den \u201eganz&nbsp;hei\u00dfen Draht\u201c zu St. Nikolaus haben, sorgen sie auch daf\u00fcr, dass&nbsp;dieser seine Besuchstour durch Lampertheim in kompletter Ausstattung \u2013&nbsp;also mit Sack und Rute \u2013 antritt. Knecht Ruprecht ist auch mit von der&nbsp;Partie.<\/p>\n<p>Wer den Service beanspruchen m\u00f6chte, kann sich in der Nikolauszentrale melden. Die Telefonnummer der Pfadfinder ist die 06206 \/ 9691020.<\/p>\n<p><strong>Anmelden und mehr Informationen einholen kann man sich jedes Jahr ab 28. November t\u00e4glich zwischen 17.30 und 19 Uhr!<\/strong><\/p>\n","protected":false},"excerpt":{"rendered":"<p>Am 6. Dezember ist Nikolaustag und da kommt der Mann im roten Gewand zu den Kindern. Besonders sch\u00f6n ist es dann, wenn dann der Nikolaus pers\u00f6nlich vorbeikommt. Daf\u00fcr sorgen die Georgs-Pfadfinder seit 1965 \u2013 also seit mehr als 60 Jahren. Wer sich bei den Pfadfindern meldet, der kann sich am 6. Dezember den Nikolaus&nbsp;nach Hause&#8230;<\/p>\n","protected":false},"author":1,"featured_media":0,"parent":48,"menu_order":0,"comment_status":"closed","ping_status":"closed","template":"","meta":{"ngg_post_thumbnail":0,"footnotes":""},"class_list":["post-60","page","type-page","status-publish","hentry"],"_links":{"self":[{"href":"https:\/\/www.dpsglampertheim.de\/wordpress\/wp-json\/wp\/v2\/pages\/60","targetHints":{"allow":["GET"]}}],"collection":[{"href":"https:\/\/www.dpsglampertheim.de\/wordpress\/wp-json\/wp\/v2\/pages"}],"about":[{"href":"https:\/\/www.dpsglampertheim.de\/wordpress\/wp-json\/wp\/v2\/types\/page"}],"author":[{"embeddable":true,"href":"https:\/\/www.dpsglampertheim.de\/wordpress\/wp-json\/wp\/v2\/users\/1"}],"replies":[{"embeddable":true,"href":"https:\/\/www.dpsglampertheim.de\/wordpress\/wp-json\/wp\/v2\/comments?post=60"}],"version-history":[{"count":11,"href":"https:\/\/www.dpsglampertheim.de\/wordpress\/wp-json\/wp\/v2\/pages\/60\/revisions"}],"predecessor-version":[{"id":2298,"href":"https:\/\/www.dpsglampertheim.de\/wordpress\/wp-json\/wp\/v2\/pages\/60\/revisions\/2298"}],"up":[{"embeddable":true,"href":"https:\/\/www.dpsglampertheim.de\/wordpress\/wp-json\/wp\/v2\/pages\/48"}],"wp:attachment":[{"href":"https:\/\/www.dpsglampertheim.de\/wordpress\/wp-json\/wp\/v2\/media?parent=60"}],"curies":[{"name":"wp","href":"https:\/\/api.w.org\/{rel}","templated":true}]}}